{"id":16748,"date":"2026-02-06T17:28:11","date_gmt":"2026-02-06T16:28:11","guid":{"rendered":"https:\/\/993.it\/?page_id=16748"},"modified":"2026-02-24T16:48:25","modified_gmt":"2026-02-24T15:48:25","slug":"certificazioni","status":"publish","type":"page","link":"https:\/\/993.it\/es\/certificazioni\/","title":{"rendered":"Certificazioni"},"content":{"rendered":"<div class=\"wpb-content-wrapper\"><div class=\"vc_row wpb_row vc_row-fluid\"><div class=\"wpb_column vc_column_container vc_col-sm-12\"><div class=\"vc_column-inner\"><div class=\"wpb_wrapper\">\n\t<div class=\"wpb_text_column wpb_content_element\" >\n\t\t<div class=\"wpb_wrapper\">\n\t\t\t\n\n\t\t<\/div>\n\t<\/div>\n<\/div><\/div><\/div><\/div><div class=\"vc_row wpb_row vc_row-fluid\"><div class=\"wpb_column vc_column_container vc_col-sm-12\"><div class=\"vc_column-inner\"><div class=\"wpb_wrapper\">\n\t<div class=\"wpb_text_column wpb_content_element\" >\n\t\t<div class=\"wpb_wrapper\">\n\t\t\t<h3 style=\"text-align: justify;\"><span style=\"font-size: 20px; color: #d6b15a;\">Le nostre certificazioni: qualit\u00e0, sicurezza e rispetto certificati<\/span><\/h3>\n<p style=\"text-align: justify;\">Il <strong>Caseificio di Cavola 993<\/strong> opera ogni giorno nel segno dell\u2019eccellenza, unendo tradizione casearia di montagna e rigorosi standard internazionali di qualit\u00e0.<\/p>\n<p style=\"text-align: justify;\">Il nostro Parmigiano Reggiano nasce in un territorio unico e viene prodotto esclusivamente con latte locale, seguendo disciplinari severi che garantiscono autenticit\u00e0, tracciabilit\u00e0 e valore nutrizionale superiore. L\u2019appartenenza al progetto <em>Parmigiano Reggiano Prodotto di Montagna<\/em> certifica inoltre il legame profondo con l\u2019Appennino e con un modello produttivo sostenibile.<\/p>\n<p style=\"text-align: justify;\">A tutela dei nostri clienti in tutto il mondo, abbiamo ottenuto le principali certificazioni di sicurezza alimentare e conformit\u00e0 internazionale:<\/p>\n<ul style=\"text-align: justify;\">\n<li><strong>BRCGS Food Safety<\/strong> e <strong>IFS Food<\/strong>, che attestano l\u2019adozione dei pi\u00f9 elevati standard europei in materia di igiene, controllo dei processi e sicurezza alimentare<\/li>\n<li><strong>Certificazione Halal<\/strong>, per garantire l\u2019idoneit\u00e0 dei nostri prodotti ai mercati Islamici<\/li>\n<li><strong>FDA Approved<\/strong>, per l\u2019esportazione verso gli Stati Uniti<\/li>\n<li><strong>SGS \u2013 Benessere Animale<\/strong>, che certifica il rispetto delle migliori pratiche di allevamento<\/li>\n<li>Abilitazione all\u2019export verso <strong>Cina e Brasile<\/strong><\/li>\n<\/ul>\n<p style=\"text-align: justify;\">Ogni certificazione rappresenta un impegno concreto verso qualit\u00e0 costante, trasparenza produttiva e responsabilit\u00e0 etica.<\/p>\n<p style=\"text-align: justify;\"><strong>Per noi non \u00e8 solo una questione di conformit\u00e0: \u00e8 la conferma quotidiana di un modo di lavorare fondato su passione, controllo rigoroso e rispetto per il territorio.<\/strong><\/p>\n\n\t\t<\/div>\n\t<\/div>\n<div class=\"vc_separator wpb_content_element vc_separator_align_center vc_sep_width_100 vc_sep_shadow vc_sep_border_width_3 vc_sep_pos_align_center vc_separator_no_text vc_sep_color_grey wpb_content_element  wpb_content_element\" ><span class=\"vc_sep_holder vc_sep_holder_l\"><span class=\"vc_sep_line\"><\/span><\/span><span class=\"vc_sep_holder vc_sep_holder_r\"><span class=\"vc_sep_line\"><\/span><\/span>\n<\/div><\/div><\/div><\/div><\/div><div class=\"vc_row wpb_row vc_row-fluid\"><div class=\"wpb_column vc_column_container vc_col-sm-3\"><div class=\"vc_column-inner\"><div class=\"wpb_wrapper\">\n\t<div  class=\"wpb_single_image wpb_content_element vc_align_center  wpb_animate_when_almost_visible wpb_fadeIn fadeIn\">\n\t\t\n\t\t<figure class=\"wpb_wrapper vc_figure\">\n\t\t\t<div class=\"vc_single_image-wrapper   vc_box_border_grey\"><img loading=\"lazy\" decoding=\"async\" width=\"236\" height=\"150\" src=\"https:\/\/993.it\/wp-content\/uploads\/2022\/03\/pr-caseificio-993.jpg\" class=\"vc_single_image-img attachment-full\" alt=\"\" title=\"\" \/><\/div>\n\t\t<\/figure>\n\t<\/div>\n<\/div><\/div><\/div><div class=\"wpb_column vc_column_container vc_col-sm-3\"><div class=\"vc_column-inner\"><div class=\"wpb_wrapper\">\n\t<div  class=\"wpb_single_image wpb_content_element vc_align_center  wpb_animate_when_almost_visible wpb_fadeIn fadeIn\">\n\t\t\n\t\t<figure class=\"wpb_wrapper vc_figure\">\n\t\t\t<div class=\"vc_single_image-wrapper   vc_box_border_grey\"><img loading=\"lazy\" decoding=\"async\" width=\"236\" height=\"150\" src=\"https:\/\/993.it\/wp-content\/uploads\/2022\/03\/pr-prod-mont.jpg\" class=\"vc_single_image-img attachment-full\" alt=\"\" title=\"\" \/><\/div>\n\t\t<\/figure>\n\t<\/div>\n<\/div><\/div><\/div><div class=\"wpb_column vc_column_container vc_col-sm-3\"><div class=\"vc_column-inner\"><div class=\"wpb_wrapper\">\n\t<div  class=\"wpb_single_image wpb_content_element vc_align_center  wpb_animate_when_almost_visible wpb_fadeIn fadeIn\">\n\t\t\n\t\t<figure class=\"wpb_wrapper vc_figure\">\n\t\t\t<a href=\"https:\/\/993.it\/wp-content\/uploads\/2023\/08\/Certificato-BRC-2023.pdf\" target=\"_blank\" class=\"vc_single_image-wrapper   vc_box_border_grey\"><img loading=\"lazy\" decoding=\"async\" width=\"236\" height=\"150\" src=\"https:\/\/993.it\/wp-content\/uploads\/2020\/03\/brcf.png\" class=\"vc_single_image-img attachment-full\" alt=\"\" title=\"brcf\" \/><\/a>\n\t\t<\/figure>\n\t<\/div>\n<\/div><\/div><\/div><div class=\"wpb_column vc_column_container vc_col-sm-3\"><div class=\"vc_column-inner\"><div class=\"wpb_wrapper\">\n\t<div  class=\"wpb_single_image wpb_content_element vc_align_center  wpb_animate_when_almost_visible wpb_fadeIn fadeIn\">\n\t\t\n\t\t<figure class=\"wpb_wrapper vc_figure\">\n\t\t\t<a href=\"https:\/\/993.it\/wp-content\/uploads\/2023\/08\/Certificato-IFS-2023.pdf\" target=\"_blank\" class=\"vc_single_image-wrapper   vc_box_border_grey\"><img loading=\"lazy\" decoding=\"async\" width=\"236\" height=\"150\" src=\"https:\/\/993.it\/wp-content\/uploads\/2016\/09\/ifs.jpg\" class=\"vc_single_image-img attachment-full\" alt=\"\" title=\"ifs\" \/><\/a>\n\t\t<\/figure>\n\t<\/div>\n<\/div><\/div><\/div><\/div><div class=\"vc_row wpb_row vc_row-fluid vc_custom_1650893687127\"><div class=\"wpb_column vc_column_container vc_col-sm-3\"><div class=\"vc_column-inner\"><div class=\"wpb_wrapper\">\n\t<div  class=\"wpb_single_image wpb_content_element vc_align_center  wpb_animate_when_almost_visible wpb_fadeIn fadeIn\">\n\t\t\n\t\t<figure class=\"wpb_wrapper vc_figure\">\n\t\t\t<div class=\"vc_single_image-wrapper   vc_box_border_grey\"><img loading=\"lazy\" decoding=\"async\" width=\"236\" height=\"150\" src=\"https:\/\/993.it\/wp-content\/uploads\/2022\/02\/halal.jpg\" class=\"vc_single_image-img attachment-full\" alt=\"\" title=\"\" \/><\/div>\n\t\t<\/figure>\n\t<\/div>\n<\/div><\/div><\/div><div class=\"wpb_column vc_column_container vc_col-sm-3\"><div class=\"vc_column-inner\"><div class=\"wpb_wrapper\">\n\t<div  class=\"wpb_single_image wpb_content_element vc_align_center  wpb_animate_when_almost_visible wpb_fadeIn fadeIn\">\n\t\t\n\t\t<figure class=\"wpb_wrapper vc_figure\">\n\t\t\t<div class=\"vc_single_image-wrapper   vc_box_border_grey\"><img loading=\"lazy\" decoding=\"async\" width=\"236\" height=\"150\" src=\"https:\/\/993.it\/wp-content\/uploads\/2022\/02\/fda.jpg\" class=\"vc_single_image-img attachment-full\" alt=\"\" title=\"\" \/><\/div>\n\t\t<\/figure>\n\t<\/div>\n<\/div><\/div><\/div><div class=\"wpb_column vc_column_container vc_col-sm-3\"><div class=\"vc_column-inner\"><div class=\"wpb_wrapper\">\n\t<div  class=\"wpb_single_image wpb_content_element vc_align_center  wpb_animate_when_almost_visible wpb_fadeIn fadeIn\">\n\t\t\n\t\t<figure class=\"wpb_wrapper vc_figure\">\n\t\t\t<div class=\"vc_single_image-wrapper   vc_box_border_grey\"><img loading=\"lazy\" decoding=\"async\" width=\"236\" height=\"150\" src=\"https:\/\/993.it\/wp-content\/uploads\/2022\/04\/ben-am.jpg\" class=\"vc_single_image-img attachment-full\" alt=\"\" title=\"\" \/><\/div>\n\t\t<\/figure>\n\t<\/div>\n<\/div><\/div><\/div><div class=\"wpb_column vc_column_container vc_col-sm-3\"><div class=\"vc_column-inner\"><div class=\"wpb_wrapper\">\n\t<div  class=\"wpb_single_image wpb_content_element vc_align_center  wpb_animate_when_almost_visible wpb_fadeIn fadeIn\">\n\t\t\n\t\t<figure class=\"wpb_wrapper vc_figure\">\n\t\t\t<div class=\"vc_single_image-wrapper   vc_box_border_grey\"><img loading=\"lazy\" decoding=\"async\" width=\"236\" height=\"150\" src=\"https:\/\/993.it\/wp-content\/uploads\/2022\/04\/china-brasil.jpg\" class=\"vc_single_image-img attachment-full\" alt=\"\" title=\"\" \/><\/div>\n\t\t<\/figure>\n\t<\/div>\n<\/div><\/div><\/div><\/div><div class=\"wpb_column vc_column_container vc_col-sm-12\"><div class=\"vc_column-inner\"><div class=\"wpb_wrapper\"><\/div><\/div><\/div>\n<\/div>","protected":false},"excerpt":{"rendered":"Le nostre certificazioni: qualit\u00e0, sicurezza e rispetto certificati Il Caseificio di Cavola 993 opera ogni giorno nel segno dell\u2019eccellenza, unendo tradizione casearia di montagna e rigorosi standard internazionali di qualit\u00e0. Il nostro Parmigiano Reggiano nasce in un territorio unico e viene prodotto esclusivamente con latte locale, seguendo disciplinari severi che garantiscono autenticit\u00e0, tracciabilit\u00e0 e valore [...]","protected":false},"author":1,"featured_media":0,"parent":0,"menu_order":0,"comment_status":"closed","ping_status":"closed","template":"","meta":{"footnotes":""},"class_list":["post-16748","page","type-page","status-publish","hentry"],"_links":{"self":[{"href":"https:\/\/993.it\/es\/wp-json\/wp\/v2\/pages\/16748","targetHints":{"allow":["GET"]}}],"collection":[{"href":"https:\/\/993.it\/es\/wp-json\/wp\/v2\/pages"}],"about":[{"href":"https:\/\/993.it\/es\/wp-json\/wp\/v2\/types\/page"}],"author":[{"embeddable":true,"href":"https:\/\/993.it\/es\/wp-json\/wp\/v2\/users\/1"}],"replies":[{"embeddable":true,"href":"https:\/\/993.it\/es\/wp-json\/wp\/v2\/comments?post=16748"}],"version-history":[{"count":11,"href":"https:\/\/993.it\/es\/wp-json\/wp\/v2\/pages\/16748\/revisions"}],"predecessor-version":[{"id":17064,"href":"https:\/\/993.it\/es\/wp-json\/wp\/v2\/pages\/16748\/revisions\/17064"}],"wp:attachment":[{"href":"https:\/\/993.it\/es\/wp-json\/wp\/v2\/media?parent=16748"}],"curies":[{"name":"wp","href":"https:\/\/api.w.org\/{rel}","templated":true}]}}