{"id":9918,"date":"2022-01-21T15:43:40","date_gmt":"2022-01-21T14:43:40","guid":{"rendered":"https:\/\/993.it\/?page_id=9918"},"modified":"2026-02-16T11:09:33","modified_gmt":"2026-02-16T10:09:33","slug":"finanziamenti-contributo-del-feasr","status":"publish","type":"page","link":"https:\/\/993.it\/en\/finanziamenti-contributo-del-feasr\/","title":{"rendered":"FINANZIAMENTI contributo del FEASR"},"content":{"rendered":"<div class=\"wpb-content-wrapper\"><div class=\"vc_row wpb_row vc_row-fluid\"><div class=\"wpb_column vc_column_container vc_col-sm-12\"><div class=\"vc_column-inner\"><div class=\"wpb_wrapper\"><div class=\"vc_tta-container\" data-vc-action=\"collapse\"><div class=\"vc_general vc_tta vc_tta-accordion vc_tta-color-accent vc_tta-style-classic vc_tta-shape-rounded vc_tta-o-shape-group vc_tta-controls-align-default\"><div class=\"vc_tta-panels-container\"><div class=\"vc_tta-panels\"><div class=\"vc_tta-panel\" id=\"PSR-REGIONE-EMILIA-ROMAGNA-MISURA-4\u2013TIPO-OPERAZIONE-4-2-01\" data-vc-content=\".vc_tta-panel-body\"><div class=\"vc_tta-panel-heading\"><h4 class=\"vc_tta-panel-title vc_tta-controls-icon-position-left\"><a href=\"#PSR-REGIONE-EMILIA-ROMAGNA-MISURA-4\u2013TIPO-OPERAZIONE-4-2-01\" data-vc-accordion data-vc-container=\".vc_tta-container\"><span class=\"vc_tta-title-text\">PSR REGIONE EMILIA ROMAGNA MISURA 4 \u2013 TIPO OPERAZIONE 4.2.01<\/span><i class=\"vc_tta-controls-icon vc_tta-controls-icon-plus\"><\/i><\/a><\/h4><\/div><div class=\"vc_tta-panel-body\">\n\t<div  class=\"wpb_single_image wpb_content_element vc_align_left\">\n\t\t\n\t\t<figure class=\"wpb_wrapper vc_figure\">\n\t\t\t<div class=\"vc_single_image-wrapper   vc_box_border_grey\"><img loading=\"lazy\" decoding=\"async\" width=\"2560\" height=\"448\" src=\"https:\/\/993.it\/wp-content\/uploads\/2022\/01\/Logo-scaled.png\" class=\"vc_single_image-img attachment-full\" alt=\"\" title=\"\" srcset=\"https:\/\/993.it\/wp-content\/uploads\/2022\/01\/Logo-scaled.png 2560w, https:\/\/993.it\/wp-content\/uploads\/2022\/01\/Logo-600x105.png 600w, https:\/\/993.it\/wp-content\/uploads\/2022\/01\/Logo-300x52.png 300w, https:\/\/993.it\/wp-content\/uploads\/2022\/01\/Logo-1024x179.png 1024w, https:\/\/993.it\/wp-content\/uploads\/2022\/01\/Logo-768x134.png 768w, https:\/\/993.it\/wp-content\/uploads\/2022\/01\/Logo-1536x269.png 1536w, https:\/\/993.it\/wp-content\/uploads\/2022\/01\/Logo-2048x358.png 2048w\" sizes=\"auto, (max-width: 2560px) 100vw, 2560px\" \/><\/div>\n\t\t<\/figure>\n\t<\/div>\n\n\t<div class=\"wpb_text_column wpb_content_element\" >\n\t\t<div class=\"wpb_wrapper\">\n\t\t\t<p><a href=\"https:\/\/993.it\/wp-content\/uploads\/2022\/01\/MISURA-4-\u2013-TIPO-OPERAZIONE-4.2.01.pdf\" target=\"_blank\" rel=\"noopener\">\u2794 PDF MISURA 4 \u2013 TIPO OPERAZIONE 4.2.01<\/a><\/p>\n\n\t\t<\/div>\n\t<\/div>\n<\/div><\/div><div class=\"vc_tta-panel\" id=\"Goi-IN-FORMA\" data-vc-content=\".vc_tta-panel-body\"><div class=\"vc_tta-panel-heading\"><h4 class=\"vc_tta-panel-title vc_tta-controls-icon-position-left\"><a href=\"#Goi-IN-FORMA\" data-vc-accordion data-vc-container=\".vc_tta-container\"><span class=\"vc_tta-title-text\">GOI In Forma<\/span><i class=\"vc_tta-controls-icon vc_tta-controls-icon-plus\"><\/i><\/a><\/h4><\/div><div class=\"vc_tta-panel-body\">\n\t<div class=\"wpb_text_column wpb_content_element\" >\n\t\t<div class=\"wpb_wrapper\">\n\t\t\t<p>Caseificio Sociale Cavola partecipa al progetto &#8220;In Forma &#8211; Filiere virtuose ad alto contenuto di benessere animale nell&#8217;area di produzione del Parmigiano Reggiano&#8221; &#8211; Iniziativa\u00a0realizzata nell&#8217;ambito del Programma regionale di sviluppo rurale 2014-2020 dell&#8217;Emilia-Romagna &#8211; Tipo di operazione 16.1.01 &#8211; Gruppi operativi del partenariato europeo per l&#8217;innovazione: Produttivit\u00e0 e sostenibilit\u00e0 dell&#8217;agricoltura &#8211; Focus Area 3A &#8211; Migliorare la competitivit\u00e0 dei produttori primari integrandoli meglio nella filiera agroalimentare attraverso i regimi di qualit\u00e0, la creazione di un valore aggiunto per i prodotti agricoli, la promozione dei prodotti nei mercati locali, le filiere corte, le associazioni e organizzazioni di produttori e le organizzazioni interprofessionali.<\/p>\n<p>Obiettivi del progetto:<br \/>\nVerificare la fattibilit\u00e0 tecnica, ambientale ed economica di un PR in grado di garantire elevati standard di BA, al fine di soddisfare l\u2019evoluzione della domanda nazionale e internazionale verso un\u2019offerta in grado di garantire l\u2019eticit\u00e0 e la sostenibilit\u00e0 delle produzioni agroalimentari, aumentando la competitivit\u00e0 e la redditivit\u00e0 del PR lungo tutta la filiera.<\/p>\n<p>Importo complessivo del progetto: \u20ac 296.844,63 &#8211; Contributo regionale ammesso: \u20ac 226.566,94.<br \/>\nImporto complessivo per Caseificio Sociale Cavola: \u20ac 32.042,93 &#8211; Contributo regionale ricevuto: \u20ac 22.757,74.Per informazioni vai al sito del progetto: <a href=\"http:\/\/in-forma.crpa.it\/nqcontent.cfm?a_id=22376&amp;tt=t_bt_app1_www\"> http:\/\/in-forma.crpa.it\/nqcontent.cfm?a_id=22376&amp;tt=t_bt_app1_www<\/a><\/p>\n<p>Il progetto \u00e8 finanziato tramite il contributo FEASR (Fondo Europeo Agricolo per lo Sviluppo Rurale).<br \/>\nDi seguito il link al sito web della Commissione Europea dedicato al FEASR: <a href=\"http:\/\/europa.eu\/legislation_summaries\/agriculture\/general_framework\/l60032_it.htm\"> http:\/\/europa.eu\/legislation_summaries\/agriculture\/general_framework\/l60032_it.htm<\/a><\/p>\n\n\t\t<\/div>\n\t<\/div>\n\n\t<div  class=\"wpb_single_image wpb_content_element vc_align_left\">\n\t\t\n\t\t<figure class=\"wpb_wrapper vc_figure\">\n\t\t\t<div class=\"vc_single_image-wrapper   vc_box_border_grey\"><img loading=\"lazy\" decoding=\"async\" width=\"2560\" height=\"448\" src=\"https:\/\/993.it\/wp-content\/uploads\/2022\/01\/Logo-scaled.png\" class=\"vc_single_image-img attachment-full\" alt=\"\" title=\"\" srcset=\"https:\/\/993.it\/wp-content\/uploads\/2022\/01\/Logo-scaled.png 2560w, https:\/\/993.it\/wp-content\/uploads\/2022\/01\/Logo-600x105.png 600w, https:\/\/993.it\/wp-content\/uploads\/2022\/01\/Logo-300x52.png 300w, https:\/\/993.it\/wp-content\/uploads\/2022\/01\/Logo-1024x179.png 1024w, https:\/\/993.it\/wp-content\/uploads\/2022\/01\/Logo-768x134.png 768w, https:\/\/993.it\/wp-content\/uploads\/2022\/01\/Logo-1536x269.png 1536w, https:\/\/993.it\/wp-content\/uploads\/2022\/01\/Logo-2048x358.png 2048w\" sizes=\"auto, (max-width: 2560px) 100vw, 2560px\" \/><\/div>\n\t\t<\/figure>\n\t<\/div>\n<\/div><\/div><div class=\"vc_tta-panel\" id=\"goi-slegami\" data-vc-content=\".vc_tta-panel-body\"><div class=\"vc_tta-panel-heading\"><h4 class=\"vc_tta-panel-title vc_tta-controls-icon-position-left\"><a href=\"#goi-slegami\" data-vc-accordion data-vc-container=\".vc_tta-container\"><span class=\"vc_tta-title-text\">GOI Slegami<\/span><i class=\"vc_tta-controls-icon vc_tta-controls-icon-plus\"><\/i><\/a><\/h4><\/div><div class=\"vc_tta-panel-body\">\n\t<div class=\"wpb_text_column wpb_content_element\" >\n\t\t<div class=\"wpb_wrapper\">\n\t\t\t<p>Il CASEIFICIO CAVOLA s.c.a. partecipa come partner al progetto &#8220;SLEGAMI &#8211; Soluzioni innovative e sostenibili per migliorare il benessere animale nelle stalle fisse dell\u2019area del Parmigiano Reggiano&#8221; &#8211; Iniziativa realizzata nell\u2019ambito del Programma regionale di sviluppo rurale 2014-2020 dell&#8217;Emilia-Romagna \u2014 Tipo di operazione 16.1.01 \u2014 Gruppi operativi del partenariato europeo per l&#8217;innovazione: Produttivit\u00e0 e sostenibilit\u00e0 dell&#8217;agricoltura &#8211; Focus Area 2A &#8211; Migliorare le prestazioni economiche di tutte le aziende agricole e incoraggiare la ristrutturazione e l&#8217;ammodernamento delle aziende agricole, in particolare per aumentare la quota di mercato e l&#8217;orientamento al mercato nonch\u00e9 la diversificazione delle attivit\u00e0.<\/p>\n<p>L\u2019obiettivo di SLEGAMI consiste nell\u2019individuare soluzioni innovative e sostenibili dal punto di vista ambientale ed economico per migliorare il benessere animale nelle stalle a stabulazione fissa, sia in quelle che possono essere trasformate in stalle libere, sia in quelle che non possono.<\/p>\n<p>Per informazioni: <a href=\"https:\/\/www.fondazionecrpa.it\/prodotto\/goi-slegami\/\">https:\/\/www.fondazionecrpa.it\/prodotto\/goi-slegami\/<\/a><\/p>\n<p>Contatto: <a href=\"mailto:a.gastaldo@crpa.it\">a.gastaldo@crpa.it<\/a><\/p>\n\n\t\t<\/div>\n\t<\/div>\n\n\t<div  class=\"wpb_single_image wpb_content_element vc_align_left\">\n\t\t\n\t\t<figure class=\"wpb_wrapper vc_figure\">\n\t\t\t<div class=\"vc_single_image-wrapper   vc_box_border_grey\"><img loading=\"lazy\" decoding=\"async\" width=\"2560\" height=\"448\" src=\"https:\/\/993.it\/wp-content\/uploads\/2022\/01\/Logo-scaled.png\" class=\"vc_single_image-img attachment-full\" alt=\"\" title=\"\" srcset=\"https:\/\/993.it\/wp-content\/uploads\/2022\/01\/Logo-scaled.png 2560w, https:\/\/993.it\/wp-content\/uploads\/2022\/01\/Logo-600x105.png 600w, https:\/\/993.it\/wp-content\/uploads\/2022\/01\/Logo-300x52.png 300w, https:\/\/993.it\/wp-content\/uploads\/2022\/01\/Logo-1024x179.png 1024w, https:\/\/993.it\/wp-content\/uploads\/2022\/01\/Logo-768x134.png 768w, https:\/\/993.it\/wp-content\/uploads\/2022\/01\/Logo-1536x269.png 1536w, https:\/\/993.it\/wp-content\/uploads\/2022\/01\/Logo-2048x358.png 2048w\" sizes=\"auto, (max-width: 2560px) 100vw, 2560px\" \/><\/div>\n\t\t<\/figure>\n\t<\/div>\n<\/div><\/div><div class=\"vc_tta-panel\" id=\"1716481860347-6cbc056f-546f\" data-vc-content=\".vc_tta-panel-body\"><div class=\"vc_tta-panel-heading\"><h4 class=\"vc_tta-panel-title vc_tta-controls-icon-position-left\"><a href=\"#1716481860347-6cbc056f-546f\" data-vc-accordion data-vc-container=\".vc_tta-container\"><span class=\"vc_tta-title-text\">Progetto di promozione dei prodotti \u201c993\u201d sui mercati di Germania e Stati Uniti<\/span><i class=\"vc_tta-controls-icon vc_tta-controls-icon-plus\"><\/i><\/a><\/h4><\/div><div class=\"vc_tta-panel-body\">\n\t<div class=\"wpb_text_column wpb_content_element\" >\n\t\t<div class=\"wpb_wrapper\">\n\t\t\t<p><a href=\"https:\/\/993.it\/wp-content\/uploads\/2024\/05\/poster.pdf\" target=\"_blank\" rel=\"noopener\">\u2794 ANUGA 2023 e SUMMER FANCY FOOD SHOW 2023<\/a><\/p>\n\n\t\t<\/div>\n\t<\/div>\n<\/div><\/div><div class=\"vc_tta-panel\" id=\"1718086724717-79e0f261-b72c\" data-vc-content=\".vc_tta-panel-body\"><div class=\"vc_tta-panel-heading\"><h4 class=\"vc_tta-panel-title vc_tta-controls-icon-position-left\"><a href=\"#1718086724717-79e0f261-b72c\" data-vc-accordion data-vc-container=\".vc_tta-container\"><span class=\"vc_tta-title-text\">Parsutt - PARma ham high SUsTainability sTandard<\/span><i class=\"vc_tta-controls-icon vc_tta-controls-icon-plus\"><\/i><\/a><\/h4><\/div><div class=\"vc_tta-panel-body\">\n\t<div  class=\"wpb_single_image wpb_content_element vc_align_left\">\n\t\t\n\t\t<figure class=\"wpb_wrapper vc_figure\">\n\t\t\t<div class=\"vc_single_image-wrapper   vc_box_border_grey\"><img loading=\"lazy\" decoding=\"async\" width=\"2560\" height=\"448\" src=\"https:\/\/993.it\/wp-content\/uploads\/2024\/06\/PSR-2014-2020-logo-firma-scaled.png\" class=\"vc_single_image-img attachment-full\" alt=\"\" title=\"PSR 2014-2020 logo firma\" srcset=\"https:\/\/993.it\/wp-content\/uploads\/2024\/06\/PSR-2014-2020-logo-firma-scaled.png 2560w, https:\/\/993.it\/wp-content\/uploads\/2024\/06\/PSR-2014-2020-logo-firma-scaled-600x105.png 600w, https:\/\/993.it\/wp-content\/uploads\/2024\/06\/PSR-2014-2020-logo-firma-300x52.png 300w, https:\/\/993.it\/wp-content\/uploads\/2024\/06\/PSR-2014-2020-logo-firma-1024x179.png 1024w, https:\/\/993.it\/wp-content\/uploads\/2024\/06\/PSR-2014-2020-logo-firma-768x134.png 768w, https:\/\/993.it\/wp-content\/uploads\/2024\/06\/PSR-2014-2020-logo-firma-1536x269.png 1536w, https:\/\/993.it\/wp-content\/uploads\/2024\/06\/PSR-2014-2020-logo-firma-2048x358.png 2048w\" sizes=\"auto, (max-width: 2560px) 100vw, 2560px\" \/><\/div>\n\t\t<\/figure>\n\t<\/div>\n\n\t<div class=\"wpb_text_column wpb_content_element\" >\n\t\t<div class=\"wpb_wrapper\">\n\t\t\t<p>Il Caseificio Sociale Cavola &#8211; Societ\u00e0 Cooperativa Agricola partecipa al progetto &#8220;Parsutt &#8211; PARma ham high SUsTainability sTandard&#8221; &#8211; Iniziativa realizzata nell&#8217;ambito del Programma regionale di sviluppo rurale 2014-2020 dell&#8217;Emilia-Romagna \u2014 Tipo di operazione 16.1.01 \u2014 Gruppi operativi del partenariato europeo per l&#8217;innovazione: Produttivit\u00e0 e sostenibilit\u00e0 dell&#8217;agricoltura \u2014 Focus Area 3A &#8211; Migliorare la competitivit\u00e0 dei produttori primari integrandoli meglio nella filiera agroalimentare attraverso i regimi di qualit\u00e0, la creazione di un valore aggiunto per i prodotti agricoli, la promozione dei prodotti nei mercati locali, le filiere corte, le associazioni e organizzazioni di produttori e le organizzazioni interprofessionali.<\/p>\n<p>Importo complessivo per il Caseificio Sociale Cavola: \u20ac 8.788,70 &#8211; Contributo regionale richiesto dal Caseificio Sociale Cavola: \u20ac 6.916,70.<\/p>\n<p>Per informazioni vai alla pagina del progetto <a href=\"https:\/\/goi.crpa.it\/nqcontent.cfm?a_id=22982&amp;tt=t_bt_app1_www&amp;aa=parsutt\" target=\"_blank\" rel=\"noopener\">PARSUTT<\/a><\/p>\n\n\t\t<\/div>\n\t<\/div>\n<\/div><\/div><\/div><\/div><\/div><\/div><\/div><\/div><\/div><\/div><div class=\"wpb_column vc_column_container vc_col-sm-12\"><div class=\"vc_column-inner\"><div class=\"wpb_wrapper\"><\/div><\/div><\/div>\n<\/div>","protected":false},"excerpt":{"rendered":"PSR REGIONE EMILIA ROMAGNA MISURA 4 \u2013 TIPO OPERAZIONE 4.2.01 \u2794 PDF MISURA 4 \u2013 TIPO OPERAZIONE 4.2.01 GOI In Forma Caseificio Sociale Cavola partecipa al progetto \"In Forma - Filiere virtuose ad alto contenuto di benessere animale nell'area di produzione del Parmigiano Reggiano\" - Iniziativa\u00a0realizzata nell'ambito del Programma regionale di sviluppo rurale 2014-2020 dell'Emilia-Romagna [...]","protected":false},"author":1,"featured_media":0,"parent":0,"menu_order":0,"comment_status":"closed","ping_status":"closed","template":"","meta":{"footnotes":""},"class_list":["post-9918","page","type-page","status-publish","hentry"],"_links":{"self":[{"href":"https:\/\/993.it\/en\/wp-json\/wp\/v2\/pages\/9918","targetHints":{"allow":["GET"]}}],"collection":[{"href":"https:\/\/993.it\/en\/wp-json\/wp\/v2\/pages"}],"about":[{"href":"https:\/\/993.it\/en\/wp-json\/wp\/v2\/types\/page"}],"author":[{"embeddable":true,"href":"https:\/\/993.it\/en\/wp-json\/wp\/v2\/users\/1"}],"replies":[{"embeddable":true,"href":"https:\/\/993.it\/en\/wp-json\/wp\/v2\/comments?post=9918"}],"version-history":[{"count":36,"href":"https:\/\/993.it\/en\/wp-json\/wp\/v2\/pages\/9918\/revisions"}],"predecessor-version":[{"id":16793,"href":"https:\/\/993.it\/en\/wp-json\/wp\/v2\/pages\/9918\/revisions\/16793"}],"wp:attachment":[{"href":"https:\/\/993.it\/en\/wp-json\/wp\/v2\/media?parent=9918"}],"curies":[{"name":"wp","href":"https:\/\/api.w.org\/{rel}","templated":true}]}}