{"id":1940,"date":"2017-08-08T09:40:02","date_gmt":"2017-08-08T07:40:02","guid":{"rendered":"https:\/\/993.it\/?page_id=1940"},"modified":"2026-03-02T16:50:16","modified_gmt":"2026-03-02T15:50:16","slug":"filiera","status":"publish","type":"page","link":"https:\/\/993.it\/de\/filiera\/","title":{"rendered":"Filiera"},"content":{"rendered":"<div class=\"wpb-content-wrapper\"><div class=\"vc_row wpb_row vc_row-fluid\"><div class=\"wpb_column vc_column_container vc_col-sm-12\"><div class=\"vc_column-inner\"><div class=\"wpb_wrapper\">\n\t<div class=\"wpb_text_column wpb_content_element\" >\n\t\t<div class=\"wpb_wrapper\">\n\t\t\t\n\n\t\t<\/div>\n\t<\/div>\n<\/div><\/div><\/div><\/div><div class=\"vc_row wpb_row vc_row-fluid\"><div class=\"wpb_column vc_column_container vc_col-sm-8\"><div class=\"vc_column-inner\"><div class=\"wpb_wrapper\">\n\t<div class=\"wpb_text_column wpb_content_element\" >\n\t\t<div class=\"wpb_wrapper\">\n\t\t\t<p style=\"text-align: justify;\"><span style=\"font-family: Rubik;\"><strong><span style=\"color: #c4ae64; font-size: 22px;\">La filiera \u2026 tutta in montagna !<\/span><\/strong><\/span><\/p>\n<p style=\"text-align: justify;\"><span style=\"font-family: Rubik; font-size: 16px;\">Qui il tempo rallenta. E la qualit\u00e0 prende forma.<\/span><\/p>\n<p style=\"text-align: justify;\"><span style=\"font-size: 16px; font-family: Rubik;\">Pascoli. Bovine. Alimentazione. Latte. Lavorazione. Creazione del Parmigiano Reggiano. Stagionatura. Tutto avviene in montagna, senza eccezioni.<\/span><\/p>\n<ul style=\"text-align: justify;\">\n<li style=\"text-align: justify;\"><span style=\"font-size: 16px; color: #c4ae64; font-family: Rubik;\"><strong>Il luogo<\/strong><\/span><br \/>\n<span style=\"font-size: 16px; font-family: Rubik;\">Ai piedi della Pietra di Bismantova, nel cuore dell\u2019Appennino Tosco-Emiliano, a 900 metri di altitudine, in un ambiente incontaminato e incantevole. Qui la natura detta i tempi e il silenzio accompagna il lavoro.<\/span><\/li>\n<li style=\"text-align: justify;\"><span style=\"font-size: 16px; color: #c4ae64; font-family: Rubik;\"><strong>L\u2019acqua<\/strong><\/span><br \/>\n<span style=\"font-size: 16px; font-family: Rubik;\">L\u2019acqua utilizzata arriva dalla fonte del Monte Cusna: pura, cristallina, essenziale.<\/span><\/li>\n<li style=\"text-align: justify;\"><span style=\"font-size: 16px; color: #c4ae64; font-family: Rubik;\"><strong>Le bovine e il latte<\/strong><\/span><br \/>\n<span style=\"font-size: 16px; font-family: Rubik;\">Le nostre bovine da latte si alimentano nei pascoli e nelle vallate di montagna. Un\u2019alimentazione naturale che si riflette nella qualit\u00e0 del latte. Il latte, di altissima qualit\u00e0, \u00e8 munto esclusivamente nelle nostre stalle di montagna.<\/span><\/li>\n<li style=\"text-align: justify;\"><span style=\"font-size: 16px; color: #c4ae64; font-family: Rubik;\"><strong>La lavorazione<\/strong><\/span><br \/>\n<span style=\"font-size: 16px; font-family: Rubik;\">La lavorazione \u00e8 lenta e attenta, seguita ogni giorno dalle mani esperte del nostro casaro. \u00c8 qui che il latte diventa forma, carattere, identit\u00e0.<\/span><\/li>\n<\/ul>\n<ul>\n<li style=\"text-align: justify;\"><span style=\"font-size: 16px; color: #c4ae64; font-family: Rubik;\"><strong>Nasce 993<\/strong><\/span><br \/>\n<span style=\"font-size: 16px; font-family: Rubik;\">Nasce cos\u00ec il nostro Parmigiano Reggiano di Montagna 993. Dopo l\u2019immersione nelle vasche per la salatura, le forme iniziano la lunga stagionatura nelle nostre sale di meditazione. Il tempo fa il resto.<\/span><\/li>\n<\/ul>\n\n\t\t<\/div>\n\t<\/div>\n<\/div><\/div><\/div><div class=\"wpb_column vc_column_container vc_col-sm-4\"><div class=\"vc_column-inner\"><div class=\"wpb_wrapper\">\n\t<div class=\"wpb_raw_code wpb_raw_html wpb_content_element\" >\n\t\t<div class=\"wpb_wrapper\">\n\t\t\t<div class=\"video-wrap-square\">\n  <video\n    class=\"hero-video\"\n    autoplay\n    muted\n    loop\n    playsinline\n    preload=\"metadata\"\n  >\n    <source src=\"https:\/\/993.it\/wp-content\/uploads\/2026\/03\/video-parmigiano-di-montagna-993-top.mp4\" type=\"video\/mp4\">\n    Il tuo browser non supporta la riproduzione video.\n  <\/video>\n<\/div>\n\n<style>\n  .video-wrap-square{\n    width:100%;\n    max-width:900px; \/* modifica se vuoi pi\u00f9 grande *\/\n    margin:0 auto;\n    aspect-ratio:1 \/ 1;  \/* QUADRATO *\/\n    border-radius:18px;  \/* opzionale *\/\n    overflow:hidden;\n    background:#000;\n  }\n\n  .hero-video{\n    width:100%;\n    height:100%;\n    object-fit:cover;\n    display:block;\n  }\n<\/style>\n\n\t\t<\/div>\n\t<\/div>\n<\/div><\/div><\/div><\/div><div class=\"wpb_column vc_column_container vc_col-sm-12\"><div class=\"vc_column-inner\"><div class=\"wpb_wrapper\"><\/div><\/div><\/div><div class=\"vc_row wpb_row vc_row-fluid\"><div class=\"wpb_column vc_column_container vc_col-sm-3\"><div class=\"vc_column-inner\"><div class=\"wpb_wrapper\">\n\t<div  class=\"wpb_single_image wpb_content_element vc_align_center  wpb_animate_when_almost_visible wpb_fadeIn fadeIn\">\n\t\t\n\t\t<figure class=\"wpb_wrapper vc_figure\">\n\t\t\t<a data-rel=\"prettyPhoto[rel-1940-1518048019]\" href=\"https:\/\/993.it\/wp-content\/uploads\/2017\/08\/1.jpg\" target=\"_self\" class=\"vc_single_image-wrapper vc_box_shadow_border  vc_box_border_grey prettyphoto\"><img loading=\"lazy\" decoding=\"async\" width=\"800\" height=\"531\" src=\"https:\/\/993.it\/wp-content\/uploads\/2017\/08\/1.jpg\" class=\"vc_single_image-img attachment-full\" alt=\"\" title=\"1\" srcset=\"https:\/\/993.it\/wp-content\/uploads\/2017\/08\/1.jpg 800w, https:\/\/993.it\/wp-content\/uploads\/2017\/08\/1-600x398.jpg 600w, https:\/\/993.it\/wp-content\/uploads\/2017\/08\/1-300x199.jpg 300w, https:\/\/993.it\/wp-content\/uploads\/2017\/08\/1-768x510.jpg 768w\" sizes=\"auto, (max-width: 800px) 100vw, 800px\" \/><\/a>\n\t\t<\/figure>\n\t<\/div>\n<\/div><\/div><\/div><div class=\"wpb_column vc_column_container vc_col-sm-3\"><div class=\"vc_column-inner\"><div class=\"wpb_wrapper\">\n\t<div  class=\"wpb_single_image wpb_content_element vc_align_center  wpb_animate_when_almost_visible wpb_fadeIn fadeIn\">\n\t\t\n\t\t<figure class=\"wpb_wrapper vc_figure\">\n\t\t\t<a data-rel=\"prettyPhoto[rel-1940-4259897737]\" href=\"https:\/\/993.it\/wp-content\/uploads\/2017\/08\/2.jpg\" target=\"_self\" class=\"vc_single_image-wrapper vc_box_shadow_border  vc_box_border_grey prettyphoto\"><img loading=\"lazy\" decoding=\"async\" width=\"800\" height=\"534\" src=\"https:\/\/993.it\/wp-content\/uploads\/2017\/08\/2.jpg\" class=\"vc_single_image-img attachment-full\" alt=\"\" title=\"2\" srcset=\"https:\/\/993.it\/wp-content\/uploads\/2017\/08\/2.jpg 800w, https:\/\/993.it\/wp-content\/uploads\/2017\/08\/2-600x401.jpg 600w, https:\/\/993.it\/wp-content\/uploads\/2017\/08\/2-300x200.jpg 300w, https:\/\/993.it\/wp-content\/uploads\/2017\/08\/2-768x513.jpg 768w\" sizes=\"auto, (max-width: 800px) 100vw, 800px\" \/><\/a>\n\t\t<\/figure>\n\t<\/div>\n<\/div><\/div><\/div><div class=\"wpb_column vc_column_container vc_col-sm-3\"><div class=\"vc_column-inner\"><div class=\"wpb_wrapper\">\n\t<div  class=\"wpb_single_image wpb_content_element vc_align_center  wpb_animate_when_almost_visible wpb_fadeIn fadeIn\">\n\t\t\n\t\t<figure class=\"wpb_wrapper vc_figure\">\n\t\t\t<a data-rel=\"prettyPhoto[rel-1940-620133087]\" href=\"https:\/\/993.it\/wp-content\/uploads\/2017\/08\/3.jpg\" target=\"_self\" class=\"vc_single_image-wrapper vc_box_shadow_border  vc_box_border_grey prettyphoto\"><img loading=\"lazy\" decoding=\"async\" width=\"800\" height=\"512\" src=\"https:\/\/993.it\/wp-content\/uploads\/2017\/08\/3.jpg\" class=\"vc_single_image-img attachment-full\" alt=\"\" title=\"3\" srcset=\"https:\/\/993.it\/wp-content\/uploads\/2017\/08\/3.jpg 800w, https:\/\/993.it\/wp-content\/uploads\/2017\/08\/3-600x384.jpg 600w, https:\/\/993.it\/wp-content\/uploads\/2017\/08\/3-300x192.jpg 300w, https:\/\/993.it\/wp-content\/uploads\/2017\/08\/3-768x492.jpg 768w\" sizes=\"auto, (max-width: 800px) 100vw, 800px\" \/><\/a>\n\t\t<\/figure>\n\t<\/div>\n<\/div><\/div><\/div><div class=\"wpb_column vc_column_container vc_col-sm-3\"><div class=\"vc_column-inner\"><div class=\"wpb_wrapper\">\n\t<div  class=\"wpb_single_image wpb_content_element vc_align_center  wpb_animate_when_almost_visible wpb_fadeIn fadeIn\">\n\t\t\n\t\t<figure class=\"wpb_wrapper vc_figure\">\n\t\t\t<a data-rel=\"prettyPhoto[rel-1940-3522809075]\" href=\"https:\/\/993.it\/wp-content\/uploads\/2017\/08\/4.jpg\" target=\"_self\" class=\"vc_single_image-wrapper vc_box_shadow_border  vc_box_border_grey prettyphoto\"><img loading=\"lazy\" decoding=\"async\" width=\"800\" height=\"532\" src=\"https:\/\/993.it\/wp-content\/uploads\/2017\/08\/4.jpg\" class=\"vc_single_image-img attachment-full\" alt=\"\" title=\"4\" srcset=\"https:\/\/993.it\/wp-content\/uploads\/2017\/08\/4.jpg 800w, https:\/\/993.it\/wp-content\/uploads\/2017\/08\/4-600x399.jpg 600w, https:\/\/993.it\/wp-content\/uploads\/2017\/08\/4-300x200.jpg 300w, https:\/\/993.it\/wp-content\/uploads\/2017\/08\/4-768x511.jpg 768w\" sizes=\"auto, (max-width: 800px) 100vw, 800px\" \/><\/a>\n\t\t<\/figure>\n\t<\/div>\n<\/div><\/div><\/div><\/div><div class=\"vc_row wpb_row vc_row-fluid\"><div class=\"wpb_column vc_column_container vc_col-sm-3\"><div class=\"vc_column-inner\"><div class=\"wpb_wrapper\">\n\t<div  class=\"wpb_single_image wpb_content_element vc_align_center  wpb_animate_when_almost_visible wpb_fadeIn fadeIn\">\n\t\t\n\t\t<figure class=\"wpb_wrapper vc_figure\">\n\t\t\t<a data-rel=\"prettyPhoto[rel-1940-4087491569]\" href=\"https:\/\/993.it\/wp-content\/uploads\/2017\/08\/5.jpg\" target=\"_self\" class=\"vc_single_image-wrapper vc_box_shadow_border  vc_box_border_grey prettyphoto\"><img loading=\"lazy\" decoding=\"async\" width=\"800\" height=\"532\" src=\"https:\/\/993.it\/wp-content\/uploads\/2017\/08\/5.jpg\" class=\"vc_single_image-img attachment-full\" alt=\"\" title=\"5\" srcset=\"https:\/\/993.it\/wp-content\/uploads\/2017\/08\/5.jpg 800w, https:\/\/993.it\/wp-content\/uploads\/2017\/08\/5-600x399.jpg 600w, https:\/\/993.it\/wp-content\/uploads\/2017\/08\/5-300x200.jpg 300w, https:\/\/993.it\/wp-content\/uploads\/2017\/08\/5-768x511.jpg 768w\" sizes=\"auto, (max-width: 800px) 100vw, 800px\" \/><\/a>\n\t\t<\/figure>\n\t<\/div>\n<\/div><\/div><\/div><div class=\"wpb_column vc_column_container vc_col-sm-3\"><div class=\"vc_column-inner\"><div class=\"wpb_wrapper\">\n\t<div  class=\"wpb_single_image wpb_content_element vc_align_center  wpb_animate_when_almost_visible wpb_fadeIn fadeIn\">\n\t\t\n\t\t<figure class=\"wpb_wrapper vc_figure\">\n\t\t\t<a data-rel=\"prettyPhoto[rel-1940-3260820317]\" href=\"https:\/\/993.it\/wp-content\/uploads\/2017\/08\/6.jpg\" target=\"_self\" class=\"vc_single_image-wrapper vc_box_shadow_border  vc_box_border_grey prettyphoto\"><img loading=\"lazy\" decoding=\"async\" width=\"800\" height=\"531\" src=\"https:\/\/993.it\/wp-content\/uploads\/2017\/08\/6.jpg\" class=\"vc_single_image-img attachment-full\" alt=\"\" title=\"6\" srcset=\"https:\/\/993.it\/wp-content\/uploads\/2017\/08\/6.jpg 800w, https:\/\/993.it\/wp-content\/uploads\/2017\/08\/6-600x398.jpg 600w, https:\/\/993.it\/wp-content\/uploads\/2017\/08\/6-300x199.jpg 300w, https:\/\/993.it\/wp-content\/uploads\/2017\/08\/6-768x510.jpg 768w\" sizes=\"auto, (max-width: 800px) 100vw, 800px\" \/><\/a>\n\t\t<\/figure>\n\t<\/div>\n<\/div><\/div><\/div><div class=\"wpb_column vc_column_container vc_col-sm-3\"><div class=\"vc_column-inner\"><div class=\"wpb_wrapper\">\n\t<div  class=\"wpb_single_image wpb_content_element vc_align_center  wpb_animate_when_almost_visible wpb_fadeIn fadeIn\">\n\t\t\n\t\t<figure class=\"wpb_wrapper vc_figure\">\n\t\t\t<a data-rel=\"prettyPhoto[rel-1940-849325531]\" href=\"https:\/\/993.it\/wp-content\/uploads\/2017\/08\/7.jpg\" target=\"_self\" class=\"vc_single_image-wrapper vc_box_shadow_border  vc_box_border_grey prettyphoto\"><img loading=\"lazy\" decoding=\"async\" width=\"800\" height=\"533\" src=\"https:\/\/993.it\/wp-content\/uploads\/2017\/08\/7.jpg\" class=\"vc_single_image-img attachment-full\" alt=\"\" title=\"7\" srcset=\"https:\/\/993.it\/wp-content\/uploads\/2017\/08\/7.jpg 800w, https:\/\/993.it\/wp-content\/uploads\/2017\/08\/7-600x400.jpg 600w, https:\/\/993.it\/wp-content\/uploads\/2017\/08\/7-300x200.jpg 300w, https:\/\/993.it\/wp-content\/uploads\/2017\/08\/7-768x512.jpg 768w\" sizes=\"auto, (max-width: 800px) 100vw, 800px\" \/><\/a>\n\t\t<\/figure>\n\t<\/div>\n<\/div><\/div><\/div><div class=\"wpb_column vc_column_container vc_col-sm-3\"><div class=\"vc_column-inner\"><div class=\"wpb_wrapper\">\n\t<div  class=\"wpb_single_image wpb_content_element vc_align_center  wpb_animate_when_almost_visible wpb_fadeIn fadeIn\">\n\t\t\n\t\t<figure class=\"wpb_wrapper vc_figure\">\n\t\t\t<a data-rel=\"prettyPhoto[rel-1940-2139103414]\" href=\"https:\/\/993.it\/wp-content\/uploads\/2017\/08\/8.jpg\" target=\"_self\" class=\"vc_single_image-wrapper vc_box_shadow_border  vc_box_border_grey prettyphoto\"><img loading=\"lazy\" decoding=\"async\" width=\"800\" height=\"533\" src=\"https:\/\/993.it\/wp-content\/uploads\/2017\/08\/8.jpg\" class=\"vc_single_image-img attachment-full\" alt=\"\" title=\"8\" srcset=\"https:\/\/993.it\/wp-content\/uploads\/2017\/08\/8.jpg 800w, https:\/\/993.it\/wp-content\/uploads\/2017\/08\/8-600x400.jpg 600w, https:\/\/993.it\/wp-content\/uploads\/2017\/08\/8-300x200.jpg 300w, https:\/\/993.it\/wp-content\/uploads\/2017\/08\/8-768x512.jpg 768w\" sizes=\"auto, (max-width: 800px) 100vw, 800px\" \/><\/a>\n\t\t<\/figure>\n\t<\/div>\n<\/div><\/div><\/div><\/div><div class=\"vc_row wpb_row vc_row-fluid\"><div class=\"wpb_column vc_column_container vc_col-sm-3\"><div class=\"vc_column-inner\"><div class=\"wpb_wrapper\">\n\t<div  class=\"wpb_single_image wpb_content_element vc_align_center  wpb_animate_when_almost_visible wpb_fadeIn fadeIn\">\n\t\t\n\t\t<figure class=\"wpb_wrapper vc_figure\">\n\t\t\t<a data-rel=\"prettyPhoto[rel-1940-584966837]\" href=\"https:\/\/993.it\/wp-content\/uploads\/2017\/08\/9.jpg\" target=\"_self\" class=\"vc_single_image-wrapper vc_box_shadow_border  vc_box_border_grey prettyphoto\"><img loading=\"lazy\" decoding=\"async\" width=\"800\" height=\"531\" src=\"https:\/\/993.it\/wp-content\/uploads\/2017\/08\/9.jpg\" class=\"vc_single_image-img attachment-full\" alt=\"\" title=\"9\" srcset=\"https:\/\/993.it\/wp-content\/uploads\/2017\/08\/9.jpg 800w, https:\/\/993.it\/wp-content\/uploads\/2017\/08\/9-600x398.jpg 600w, https:\/\/993.it\/wp-content\/uploads\/2017\/08\/9-300x199.jpg 300w, https:\/\/993.it\/wp-content\/uploads\/2017\/08\/9-768x510.jpg 768w\" sizes=\"auto, (max-width: 800px) 100vw, 800px\" \/><\/a>\n\t\t<\/figure>\n\t<\/div>\n<\/div><\/div><\/div><div class=\"wpb_column vc_column_container vc_col-sm-3\"><div class=\"vc_column-inner\"><div class=\"wpb_wrapper\">\n\t<div  class=\"wpb_single_image wpb_content_element vc_align_center  wpb_animate_when_almost_visible wpb_fadeIn fadeIn\">\n\t\t\n\t\t<figure class=\"wpb_wrapper vc_figure\">\n\t\t\t<a data-rel=\"prettyPhoto[rel-1940-349598570]\" href=\"https:\/\/993.it\/wp-content\/uploads\/2017\/08\/10.jpg\" target=\"_self\" class=\"vc_single_image-wrapper vc_box_shadow_border  vc_box_border_grey prettyphoto\"><img loading=\"lazy\" decoding=\"async\" width=\"800\" height=\"531\" src=\"https:\/\/993.it\/wp-content\/uploads\/2017\/08\/10.jpg\" class=\"vc_single_image-img attachment-full\" alt=\"\" title=\"10\" srcset=\"https:\/\/993.it\/wp-content\/uploads\/2017\/08\/10.jpg 800w, https:\/\/993.it\/wp-content\/uploads\/2017\/08\/10-600x398.jpg 600w, https:\/\/993.it\/wp-content\/uploads\/2017\/08\/10-300x199.jpg 300w, https:\/\/993.it\/wp-content\/uploads\/2017\/08\/10-768x510.jpg 768w\" sizes=\"auto, (max-width: 800px) 100vw, 800px\" \/><\/a>\n\t\t<\/figure>\n\t<\/div>\n<\/div><\/div><\/div><div class=\"wpb_column vc_column_container vc_col-sm-3\"><div class=\"vc_column-inner\"><div class=\"wpb_wrapper\">\n\t<div  class=\"wpb_single_image wpb_content_element vc_align_center  wpb_animate_when_almost_visible wpb_fadeIn fadeIn\">\n\t\t\n\t\t<figure class=\"wpb_wrapper vc_figure\">\n\t\t\t<a data-rel=\"prettyPhoto[rel-1940-1595566983]\" href=\"https:\/\/993.it\/wp-content\/uploads\/2017\/08\/11-2.jpg\" target=\"_self\" class=\"vc_single_image-wrapper vc_box_shadow_border  vc_box_border_grey prettyphoto\"><img loading=\"lazy\" decoding=\"async\" width=\"800\" height=\"531\" src=\"https:\/\/993.it\/wp-content\/uploads\/2017\/08\/11-2.jpg\" class=\"vc_single_image-img attachment-full\" alt=\"\" title=\"11\" srcset=\"https:\/\/993.it\/wp-content\/uploads\/2017\/08\/11-2.jpg 800w, https:\/\/993.it\/wp-content\/uploads\/2017\/08\/11-2-600x398.jpg 600w, https:\/\/993.it\/wp-content\/uploads\/2017\/08\/11-2-300x199.jpg 300w, https:\/\/993.it\/wp-content\/uploads\/2017\/08\/11-2-768x510.jpg 768w\" sizes=\"auto, (max-width: 800px) 100vw, 800px\" \/><\/a>\n\t\t<\/figure>\n\t<\/div>\n<\/div><\/div><\/div><div class=\"wpb_column vc_column_container vc_col-sm-3\"><div class=\"vc_column-inner\"><div class=\"wpb_wrapper\">\n\t<div  class=\"wpb_single_image wpb_content_element vc_align_center  wpb_animate_when_almost_visible wpb_fadeIn fadeIn\">\n\t\t\n\t\t<figure class=\"wpb_wrapper vc_figure\">\n\t\t\t<a data-rel=\"prettyPhoto[rel-1940-2917655240]\" href=\"https:\/\/993.it\/wp-content\/uploads\/2017\/08\/12.jpg\" target=\"_self\" class=\"vc_single_image-wrapper vc_box_shadow_border  vc_box_border_grey prettyphoto\"><img loading=\"lazy\" decoding=\"async\" width=\"800\" height=\"532\" src=\"https:\/\/993.it\/wp-content\/uploads\/2017\/08\/12.jpg\" class=\"vc_single_image-img attachment-full\" alt=\"\" title=\"12\" srcset=\"https:\/\/993.it\/wp-content\/uploads\/2017\/08\/12.jpg 800w, https:\/\/993.it\/wp-content\/uploads\/2017\/08\/12-600x399.jpg 600w, https:\/\/993.it\/wp-content\/uploads\/2017\/08\/12-300x200.jpg 300w, https:\/\/993.it\/wp-content\/uploads\/2017\/08\/12-768x511.jpg 768w\" sizes=\"auto, (max-width: 800px) 100vw, 800px\" \/><\/a>\n\t\t<\/figure>\n\t<\/div>\n<\/div><\/div><\/div><\/div><div class=\"wpb_column vc_column_container vc_col-sm-12\"><div class=\"vc_column-inner\"><div class=\"wpb_wrapper\"><\/div><\/div><\/div><div class=\"wpb_column vc_column_container vc_col-sm-12\"><div class=\"vc_column-inner\"><div class=\"wpb_wrapper\"><\/div><\/div><\/div><div class=\"wpb_column vc_column_container vc_col-sm-12\"><div class=\"vc_column-inner\"><div class=\"wpb_wrapper\"><\/div><\/div><\/div><div class=\"wpb_column vc_column_container vc_col-sm-12\"><div class=\"vc_column-inner\"><div class=\"wpb_wrapper\"><\/div><\/div><\/div><div class=\"wpb_column vc_column_container vc_col-sm-12\"><div class=\"vc_column-inner\"><div class=\"wpb_wrapper\"><\/div><\/div><\/div><div class=\"wpb_column vc_column_container vc_col-sm-12\"><div class=\"vc_column-inner\"><div class=\"wpb_wrapper\"><\/div><\/div><\/div>\n<\/div>","protected":false},"excerpt":{"rendered":"La filiera \u2026 tutta in montagna ! Qui il tempo rallenta. E la qualit\u00e0 prende forma. Pascoli. Bovine. Alimentazione. Latte. Lavorazione. Creazione del Parmigiano Reggiano. Stagionatura. Tutto avviene in montagna, senza eccezioni. Il luogo Ai piedi della Pietra di Bismantova, nel cuore dell\u2019Appennino Tosco-Emiliano, a 900 metri di altitudine, in un ambiente incontaminato e incantevole. [...]","protected":false},"author":1,"featured_media":0,"parent":0,"menu_order":0,"comment_status":"closed","ping_status":"closed","template":"","meta":{"footnotes":""},"class_list":["post-1940","page","type-page","status-publish","hentry"],"_links":{"self":[{"href":"https:\/\/993.it\/de\/wp-json\/wp\/v2\/pages\/1940","targetHints":{"allow":["GET"]}}],"collection":[{"href":"https:\/\/993.it\/de\/wp-json\/wp\/v2\/pages"}],"about":[{"href":"https:\/\/993.it\/de\/wp-json\/wp\/v2\/types\/page"}],"author":[{"embeddable":true,"href":"https:\/\/993.it\/de\/wp-json\/wp\/v2\/users\/1"}],"replies":[{"embeddable":true,"href":"https:\/\/993.it\/de\/wp-json\/wp\/v2\/comments?post=1940"}],"version-history":[{"count":51,"href":"https:\/\/993.it\/de\/wp-json\/wp\/v2\/pages\/1940\/revisions"}],"predecessor-version":[{"id":17077,"href":"https:\/\/993.it\/de\/wp-json\/wp\/v2\/pages\/1940\/revisions\/17077"}],"wp:attachment":[{"href":"https:\/\/993.it\/de\/wp-json\/wp\/v2\/media?parent=1940"}],"curies":[{"name":"wp","href":"https:\/\/api.w.org\/{rel}","templated":true}]}}