{"id":118,"date":"2016-09-07T10:07:56","date_gmt":"2016-09-07T08:07:56","guid":{"rendered":"https:\/\/993.it\/?page_id=118"},"modified":"2026-04-28T11:30:56","modified_gmt":"2026-04-28T09:30:56","slug":"home","status":"publish","type":"page","link":"https:\/\/993.it\/de\/","title":{"rendered":"Home"},"content":{"rendered":"<div class=\"wpb-content-wrapper\"><div class=\"vc_row wpb_row vc_row-fluid\"><div class=\"wpb_column vc_column_container vc_col-sm-12\"><div class=\"vc_column-inner\"><div class=\"wpb_wrapper\"><div class=\"wpb_revslider_element wpb_content_element\">\n\t\t\t<!-- START home REVOLUTION SLIDER 6.7.40 --><p class=\"rs-p-wp-fix\"><\/p>\n\t\t\t<rs-module-wrap id=\"rev_slider_2_1_wrapper\" data-source=\"gallery\" style=\"visibility:hidden;background:transparent;padding:0;margin:0px auto;margin-top:0;margin-bottom:0;\">\n\t\t\t\t<rs-module id=\"rev_slider_2_1\" style=\"\" data-version=\"6.7.40\">\n\t\t\t\t\t<rs-slides style=\"overflow: hidden; position: absolute;\">\n\t\t\t\t\t\t<rs-slide style=\"position: absolute;\" data-key=\"rs-9\" data-title=\"Slide\" data-anim=\"adpr:false;\" data-in=\"o:0;\" data-out=\"a:false;\">\n\t\t\t\t\t\t\t<img decoding=\"async\" src=\"\/\/993.it\/wp-content\/plugins\/revslider\/sr6\/assets\/assets\/dummy.png\" alt=\"\" title=\"993-parmigianoreggianodimontagna\" width=\"2560\" height=\"1086\" class=\"rev-slidebg tp-rs-img rs-lazyload\" data-lazyload=\"\/\/993.it\/wp-content\/uploads\/2026\/02\/993-parmigianoreggianodimontagna-scaled.jpg\" data-no-retina>\n<!--\n\t\t\t\t\t\t\t--><rs-layer\n\t\t\t\t\t\t\t\tid=\"slider-2-slide-9-layer-0\" \n\t\t\t\t\t\t\t\tdata-type=\"image\"\n\t\t\t\t\t\t\t\tdata-rsp_ch=\"on\"\n\t\t\t\t\t\t\t\tdata-xy=\"x:c;y:m;\"\n\t\t\t\t\t\t\t\tdata-text=\"l:22;a:inherit;\"\n\t\t\t\t\t\t\t\tdata-dim=\"w:[&#039;349px&#039;,&#039;349px&#039;,&#039;349px&#039;,&#039;349px&#039;];h:[&#039;347px&#039;,&#039;347px&#039;,&#039;347px&#039;,&#039;347px&#039;];\"\n\t\t\t\t\t\t\t\tdata-frame_0=\"sX:0.9;sY:0.9;\"\n\t\t\t\t\t\t\t\tdata-frame_1=\"e:BounceStrong;st:1470;sp:1500;sR:1470;\"\n\t\t\t\t\t\t\t\tdata-frame_999=\"o:0;st:w;sR:2030;\"\n\t\t\t\t\t\t\t\tstyle=\"z-index:5;background-color:rgba(0,0,0,0.25);\"\n\t\t\t\t\t\t\t><img decoding=\"async\" src=\"\/\/993.it\/wp-content\/plugins\/revslider\/sr6\/assets\/assets\/dummy.png\" alt=\"\" class=\"tp-rs-img rs-lazyload\" width=\"442\" height=\"439\" data-lazyload=\"\/\/993.it\/wp-content\/uploads\/2026\/02\/logo-mont-new-white.png\" data-no-retina> \n\t\t\t\t\t\t\t<\/rs-layer><!--\n\n\t\t\t\t\t\t\t--><rs-layer\n\t\t\t\t\t\t\t\tid=\"slider-2-slide-9-layer-3\" \n\t\t\t\t\t\t\t\tclass=\"my-layer-class\"\n\t\t\t\t\t\t\t\tdata-type=\"text\"\n\t\t\t\t\t\t\t\tdata-rsp_ch=\"on\"\n\t\t\t\t\t\t\t\tdata-xy=\"x:c;y:m;yo:210px;\"\n\t\t\t\t\t\t\t\tdata-text=\"s:50,50,50,28;l:130;fw:400,400,400,500;a:inherit;\"\n\t\t\t\t\t\t\t\tdata-frame_0=\"y:100%;\"\n\t\t\t\t\t\t\t\tdata-frame_1=\"e:power4.inOut;st:3010;sp:2000;sR:3010;\"\n\t\t\t\t\t\t\t\tdata-frame_999=\"o:0;st:w;\"\n\t\t\t\t\t\t\t\tstyle=\"z-index:6;font-family:'Rubik';\"\n\t\t\t\t\t\t\t>993...una filiera tutta di montagna \n\t\t\t\t\t\t\t<\/rs-layer><!--\n-->\t\t\t\t\t<\/rs-slide>\n\t\t\t\t\t\t<rs-slide style=\"position: absolute;\" data-key=\"rs-8\" data-title=\"Slide\" data-anim=\"adpr:false;\" data-in=\"o:0;\" data-out=\"a:false;\">\n\t\t\t\t\t\t\t<img decoding=\"async\" src=\"\/\/993.it\/wp-content\/plugins\/revslider\/sr6\/assets\/assets\/dummy.png\" alt=\"\" title=\"slide993-1\" width=\"1776\" height=\"777\" class=\"rev-slidebg tp-rs-img rs-lazyload\" data-lazyload=\"\/\/993.it\/wp-content\/uploads\/2026\/02\/slide993-1.jpg\" data-no-retina>\n<!--\n\t\t\t\t\t\t\t--><rs-layer\n\t\t\t\t\t\t\t\tid=\"slider-2-slide-8-layer-1\" \n\t\t\t\t\t\t\t\tdata-type=\"image\"\n\t\t\t\t\t\t\t\tdata-rsp_ch=\"on\"\n\t\t\t\t\t\t\t\tdata-xy=\"x:c;y:m;\"\n\t\t\t\t\t\t\t\tdata-text=\"l:22;a:inherit;\"\n\t\t\t\t\t\t\t\tdata-dim=\"w:[&#039;349px&#039;,&#039;349px&#039;,&#039;349px&#039;,&#039;349px&#039;];h:[&#039;347px&#039;,&#039;347px&#039;,&#039;347px&#039;,&#039;347px&#039;];\"\n\t\t\t\t\t\t\t\tdata-frame_0=\"sX:0.9;sY:0.9;\"\n\t\t\t\t\t\t\t\tdata-frame_1=\"e:BounceStrong;st:1470;sp:1500;sR:1470;\"\n\t\t\t\t\t\t\t\tdata-frame_999=\"o:0;st:w;sR:2030;\"\n\t\t\t\t\t\t\t\tstyle=\"z-index:5;background-color:rgba(0,0,0,0.25);\"\n\t\t\t\t\t\t\t><img decoding=\"async\" src=\"\/\/993.it\/wp-content\/plugins\/revslider\/sr6\/assets\/assets\/dummy.png\" alt=\"\" class=\"tp-rs-img rs-lazyload\" width=\"442\" height=\"439\" data-lazyload=\"\/\/993.it\/wp-content\/uploads\/2026\/02\/logo-mont-new-white.png\" data-no-retina> \n\t\t\t\t\t\t\t<\/rs-layer><!--\n\n\t\t\t\t\t\t\t--><rs-layer\n\t\t\t\t\t\t\t\tid=\"slider-2-slide-8-layer-6\" \n\t\t\t\t\t\t\t\tclass=\"my-layer-class\"\n\t\t\t\t\t\t\t\tdata-type=\"text\"\n\t\t\t\t\t\t\t\tdata-rsp_ch=\"on\"\n\t\t\t\t\t\t\t\tdata-xy=\"x:c;y:m;yo:210px;\"\n\t\t\t\t\t\t\t\tdata-text=\"s:50,50,50,28;l:130;fw:400,400,400,500;a:inherit;\"\n\t\t\t\t\t\t\t\tdata-frame_0=\"y:100%;\"\n\t\t\t\t\t\t\t\tdata-frame_1=\"e:power4.inOut;st:3010;sp:2000;sR:3010;\"\n\t\t\t\t\t\t\t\tdata-frame_999=\"o:0;st:w;\"\n\t\t\t\t\t\t\t\tstyle=\"z-index:6;font-family:'Rubik';\"\n\t\t\t\t\t\t\t>Il RE dei formaggi sulla tua tavola \n\t\t\t\t\t\t\t<\/rs-layer><!--\n-->\t\t\t\t\t<\/rs-slide>\n\t\t\t\t\t<\/rs-slides>\n\t\t\t\t<\/rs-module>\n\t\t\t\t<script>\n\t\t\t\t\tsetREVStartSize({c: 'rev_slider_2_1',rl:[1240,1024,778,480],el:[650,768,960,720],gw:[1240,1024,778,480],gh:[650,768,960,720],type:'standard',justify:'',layout:'fullwidth',mh:\"0\"});if (window.RS_MODULES!==undefined && window.RS_MODULES.modules!==undefined && window.RS_MODULES.modules[\"revslider21\"]!==undefined) {window.RS_MODULES.modules[\"revslider21\"].once = false;window.revapi2 = undefined;if (window.RS_MODULES.checkMinimal!==undefined) window.RS_MODULES.checkMinimal()}\n\t\t\t\t<\/script>\n\t\t\t<\/rs-module-wrap>\n\t\t\t<!-- END REVOLUTION SLIDER -->\n<\/div><\/div><\/div><\/div><\/div><div class=\"vc_row wpb_row vc_row-fluid\"><div class=\"wpb_column vc_column_container vc_col-sm-12\"><div class=\"vc_column-inner\"><div class=\"wpb_wrapper\">\n\t<div class=\"wpb_text_column wpb_content_element\" >\n\t\t<div class=\"wpb_wrapper\">\n\t\t\t<p style=\"text-align: center;\"><span style=\"font-family: Rubik; font-size: 18px;\">Nel cuore dell&#8217;Appennino Reggiano, saggi allevatori trasmettono ogni giorno un&#8217;antica tradizione dal 1929: producono e lavorano il latte con amore per creare il Re dei Formaggi:<\/span><\/p>\n<h1 style=\"text-align: center;\"><span style=\"color: #c4ae64; font-family: Rubik;\">il Parmigiano Reggiano di Montagna 993<\/span><\/h1>\n\n\t\t<\/div>\n\t<\/div>\n<div class=\"vc_separator wpb_content_element vc_separator_align_center vc_sep_width_100 vc_sep_shadow vc_sep_border_width_3 vc_sep_pos_align_center vc_separator_no_text vc_sep_color_grey wpb_content_element  wpb_content_element\" ><span class=\"vc_sep_holder vc_sep_holder_l\"><span class=\"vc_sep_line\"><\/span><\/span><span class=\"vc_sep_holder vc_sep_holder_r\"><span class=\"vc_sep_line\"><\/span><\/span>\n<\/div><\/div><\/div><\/div><\/div><div class=\"vc_row wpb_row vc_row-fluid vc_custom_1650893687127\"><div class=\"wpb_column vc_column_container vc_col-sm-6\"><div class=\"vc_column-inner\"><div class=\"wpb_wrapper\">\n\t<div class=\"wpb_text_column wpb_content_element wpb_animate_when_almost_visible wpb_fadeInLeft fadeInLeft \" >\n\t\t<div class=\"wpb_wrapper\">\n\t\t\t<h2 data-start=\"123\" data-end=\"131\"><strong><span style=\"font-size: 24px; color: #c4ae64;\">993&#8230;Il numero di montagna dell\u2019eccellenza<\/span><\/strong><\/h2>\n<p style=\"text-align: justify;\" data-start=\"175\" data-end=\"288\"><span style=\"font-size: 16px;\">Dal 1929 produciamo Parmigiano Reggiano di montagna a 900 metri di altitudine, nel cuore dell\u2019Appennino Reggiano.<\/span><\/p>\n<p style=\"text-align: justify;\" data-start=\"290\" data-end=\"548\"><span style=\"font-size: 16px;\">Qui l\u2019aria \u00e8 pi\u00f9 pura, i pascoli sono pi\u00f9 ricchi e la natura detta ancora i suoi ritmi.<\/span><br data-start=\"377\" data-end=\"380\" \/><span style=\"font-size: 16px;\">Coltiviamo i campi senza concimi chimici n\u00e9 antiparassitari, nutriamo le nostre mucche con foraggi naturali e trasformiamo un latte straordinario in un formaggio unico.<\/span><\/p>\n<p style=\"text-align: justify;\" data-start=\"550\" data-end=\"668\"><span style=\"font-size: 16px;\">Il risultato \u00e8 un Parmigiano Reggiano con una marcia in pi\u00f9: profondo, autentico, impossibile da replicare in pianura.<\/span><\/p>\n<p style=\"text-align: justify;\" data-start=\"670\" data-end=\"723\"><span style=\"font-size: 16px;\"><strong data-start=\"670\" data-end=\"723\">993 non \u00e8 solo un numero.<br data-start=\"697\" data-end=\"700\" \/>\u00c8 la nostra identit\u00e0.<\/strong><\/span><\/p>\n\n\t\t<\/div>\n\t<\/div>\n<\/div><\/div><\/div><div class=\"wpb_column vc_column_container vc_col-sm-6\"><div class=\"vc_column-inner\"><div class=\"wpb_wrapper\">\n\t<div class=\"wpb_raw_code wpb_raw_html wpb_content_element\" >\n\t\t<div class=\"wpb_wrapper\">\n\t\t\t<div style=\"width:100%; max-width:980px; margin:0 auto; border-radius:12px; overflow:hidden;\">\n  <video \n    controls \n    preload=\"metadata\" \n    playsinline \n    poster=\"https:\/\/993.it\/wp-content\/uploads\/2026\/02\/preview-video-993.jpg\"\n    style=\"width:100%; height:auto; display:block;\">\n    \n    <source src=\"https:\/\/993.it\/wp-content\/uploads\/2026\/02\/993-presentazione.mp4\" type=\"video\/mp4\">\n    Il tuo browser non supporta la riproduzione video.\n    \n  <\/video>\n<\/div>\n\n\t\t<\/div>\n\t<\/div>\n<\/div><\/div><\/div><\/div><div class=\"wpb_column vc_column_container vc_col-sm-12\"><div class=\"vc_column-inner\"><div class=\"wpb_wrapper\"><div class=\"vc_empty_space\"   style=\"height: 32px\"><span class=\"vc_empty_space_inner\"><\/span><\/div><div class=\"vc_separator wpb_content_element vc_separator_align_center vc_sep_width_100 vc_sep_shadow vc_sep_border_width_3 vc_sep_pos_align_center vc_separator_no_text vc_sep_color_grey wpb_content_element  wpb_content_element\" ><span class=\"vc_sep_holder vc_sep_holder_l\"><span class=\"vc_sep_line\"><\/span><\/span><span class=\"vc_sep_holder vc_sep_holder_r\"><span class=\"vc_sep_line\"><\/span><\/span>\n<\/div><\/div><\/div><\/div><div class=\"vc_row wpb_row vc_row-fluid\"><div class=\"wpb_column vc_column_container vc_col-sm-4\"><div class=\"vc_column-inner\"><div class=\"wpb_wrapper\"><div class=\"gel-image-box img-circle gel-image-box-style-02  wpb_animate_when_almost_visible wpb_bounceIn bounceIn gel-image-box-6a06e1f7c8460 \">\n    \t\t<div class=\"image\">\n\t\t\t\t<img loading=\"lazy\" decoding=\"async\" width=\"500\" height=\"500\" src=\"https:\/\/993.it\/wp-content\/uploads\/2026\/02\/qualita-di-montagna.jpg\" class=\"gel-effect-content\" alt=\"\" \/>\t\t\t\t\t<\/div>\n<div class=\"content-box\">\n            <h4 class=\"title\">\n                        Origine di montagna autentica                    <\/h4>\n                <div class=\"description\">\n\t        <p data-start=\"119\" data-end=\"251\">A 900 metri sull\u2019Appennino Reggiano: aria pura, prati ricchi e un territorio unico che regala un Parmigiano di montagna unico e inimitabile.<\/p>\n        <\/div>\n        <\/div><\/div><div class=\"vc_empty_space\"   style=\"height: 20px\"><span class=\"vc_empty_space_inner\"><\/span><\/div><\/div><\/div><\/div><div class=\"wpb_column vc_column_container vc_col-sm-4\"><div class=\"vc_column-inner\"><div class=\"wpb_wrapper\"><div class=\"gel-image-box img-circle gel-image-box-style-02  wpb_animate_when_almost_visible wpb_bounceIn bounceIn gel-image-box-6a06e1f7c92a3 \">\n    \t\t<div class=\"image\">\n\t\t\t\t<img loading=\"lazy\" decoding=\"async\" width=\"500\" height=\"500\" src=\"https:\/\/993.it\/wp-content\/uploads\/2026\/02\/foraggi-naturali-993.jpg\" class=\"gel-effect-content\" alt=\"\" \/>\t\t\t\t\t<\/div>\n<div class=\"content-box\">\n            <h4 class=\"title\">\n                        Agricoltura responsabile                    <\/h4>\n                <div class=\"description\">\n\t        <p data-start=\"311\" data-end=\"456\">Solo foraggi naturali, niente chimica nei campi e massimo rispetto per gli animali: cos\u00ec nasce un latte eccellente, base di una qualit\u00e0 assoluta.<\/p>\n        <\/div>\n        <\/div><\/div><div class=\"vc_empty_space\"   style=\"height: 20px\"><span class=\"vc_empty_space_inner\"><\/span><\/div><\/div><\/div><\/div><div class=\"wpb_column vc_column_container vc_col-sm-4\"><div class=\"vc_column-inner\"><div class=\"wpb_wrapper\"><div class=\"gel-image-box img-circle gel-image-box-style-02  wpb_animate_when_almost_visible wpb_bounceIn bounceIn gel-image-box-6a06e1f7c9da6 \">\n    \t\t<div class=\"image\">\n\t\t\t\t<img loading=\"lazy\" decoding=\"async\" width=\"500\" height=\"500\" src=\"https:\/\/993.it\/wp-content\/uploads\/2026\/02\/innovazione-tecnologia-993.jpg\" class=\"gel-effect-content\" alt=\"\" \/>\t\t\t\t\t<\/div>\n<div class=\"content-box\">\n            <h4 class=\"title\">\n                        Tradizione dal 1929 e innovazione                    <\/h4>\n                <div class=\"description\">\n\t        <p data-start=\"515\" data-end=\"678\"><span class=\"hover:entity-accent entity-underline inline cursor-pointer align-baseline\"><span class=\"whitespace-normal\">Caseificio Cavola 993<\/span><\/span> unisce quasi un secolo di esperienza a uno stabilimento moderno che controlla ogni fase, dalla produzione al confezionamento.<\/p>\n        <\/div>\n        <\/div><\/div><\/div><\/div><\/div><\/div><div class=\"vc_row wpb_row vc_row-fluid\"><div class=\"wpb_column vc_column_container vc_col-sm-12\"><div class=\"vc_column-inner\"><div class=\"wpb_wrapper\"><div class=\"vc_empty_space\"   style=\"height: 32px\"><span class=\"vc_empty_space_inner\"><\/span><\/div><div class=\"vc_separator wpb_content_element vc_separator_align_center vc_sep_width_100 vc_sep_shadow vc_sep_border_width_3 vc_sep_pos_align_center vc_separator_no_text vc_sep_color_grey wpb_content_element  wpb_content_element\" ><span class=\"vc_sep_holder vc_sep_holder_l\"><span class=\"vc_sep_line\"><\/span><\/span><span class=\"vc_sep_holder vc_sep_holder_r\"><span class=\"vc_sep_line\"><\/span><\/span>\n<\/div>\n\t<div class=\"wpb_text_column wpb_content_element\" >\n\t\t<div class=\"wpb_wrapper\">\n\t\t\t<div id=\"trustindex-feed-container-instagram-646a06e1f7caf27\"><\/div>\n\n\t\t<\/div>\n\t<\/div>\n<\/div><\/div><\/div><\/div>\n<\/div>","protected":false},"excerpt":{"rendered":"993...una filiera tutta di montagna Il RE dei formaggi sulla tua tavola Nel cuore dell'Appennino Reggiano, saggi allevatori trasmettono ogni giorno un'antica tradizione dal 1929: producono e lavorano il latte con amore per creare il Re dei Formaggi: il Parmigiano Reggiano di Montagna 993 993...Il numero di montagna dell\u2019eccellenza Dal 1929 produciamo Parmigiano Reggiano di [...]","protected":false},"author":1,"featured_media":0,"parent":0,"menu_order":0,"comment_status":"closed","ping_status":"closed","template":"","meta":{"footnotes":""},"class_list":["post-118","page","type-page","status-publish","hentry"],"_links":{"self":[{"href":"https:\/\/993.it\/de\/wp-json\/wp\/v2\/pages\/118","targetHints":{"allow":["GET"]}}],"collection":[{"href":"https:\/\/993.it\/de\/wp-json\/wp\/v2\/pages"}],"about":[{"href":"https:\/\/993.it\/de\/wp-json\/wp\/v2\/types\/page"}],"author":[{"embeddable":true,"href":"https:\/\/993.it\/de\/wp-json\/wp\/v2\/users\/1"}],"replies":[{"embeddable":true,"href":"https:\/\/993.it\/de\/wp-json\/wp\/v2\/comments?post=118"}],"version-history":[{"count":139,"href":"https:\/\/993.it\/de\/wp-json\/wp\/v2\/pages\/118\/revisions"}],"predecessor-version":[{"id":17088,"href":"https:\/\/993.it\/de\/wp-json\/wp\/v2\/pages\/118\/revisions\/17088"}],"wp:attachment":[{"href":"https:\/\/993.it\/de\/wp-json\/wp\/v2\/media?parent=118"}],"curies":[{"name":"wp","href":"https:\/\/api.w.org\/{rel}","templated":true}]}}